{"id":8705,"date":"2025-04-28T19:41:29","date_gmt":"2025-04-28T18:41:29","guid":{"rendered":"https:\/\/neckdiagrams.com\/descarregar\/"},"modified":"2025-10-10T20:23:08","modified_gmt":"2025-10-10T19:23:08","slug":"descarregar","status":"publish","type":"page","link":"https:\/\/www.neckdiagrams.com\/pt-pt\/descarregar\/","title":{"rendered":"Descarregar"},"content":{"rendered":"\n<div class=\"wp-block-cover\"><img decoding=\"async\" width=\"2560\" height=\"1374\" class=\"wp-block-cover__image-background wp-image-38\" alt=\"\" src=\"https:\/\/www.neckdiagrams.com\/content\/uploads\/2021\/05\/bg-red-scaled.jpg\" data-object-fit=\"cover\" srcset=\"https:\/\/www.neckdiagrams.com\/content\/uploads\/2021\/05\/bg-red-scaled.jpg 2560w, https:\/\/www.neckdiagrams.com\/content\/uploads\/2021\/05\/bg-red-600x322.jpg 600w, https:\/\/www.neckdiagrams.com\/content\/uploads\/2021\/05\/bg-red-1200x644.jpg 1200w, https:\/\/www.neckdiagrams.com\/content\/uploads\/2021\/05\/bg-red-768x412.jpg 768w, https:\/\/www.neckdiagrams.com\/content\/uploads\/2021\/05\/bg-red-1536x824.jpg 1536w, https:\/\/www.neckdiagrams.com\/content\/uploads\/2021\/05\/bg-red-2048x1099.jpg 2048w\" sizes=\"(max-width: 2560px) 100vw, 2560px\" \/><span aria-hidden=\"true\" class=\"wp-block-cover__background has-primary-background-color has-background-dim\"><\/span><div class=\"wp-block-cover__inner-container is-layout-flow wp-block-cover-is-layout-flow\">\n<div class=\"wp-block-group is-style-contain-xl\"><div class=\"wp-block-group__inner-container is-layout-flow wp-block-group-is-layout-flow\">\n<div class=\"wp-block-columns are-vertically-aligned-center is-layout-flex wp-container-core-columns-is-layout-9d6595d7 wp-block-columns-is-layout-flex\">\n<div class=\"wp-block-column is-vertically-aligned-center is-layout-flow wp-block-column-is-layout-flow\"><h1 class=\"wp-block-heading is-style-headline\" id=\"obter-o-neck-diagrams-para-mac-ou-pc\"><strong><strong>Obter o Neck Diagrams para Mac ou PC<\/strong><\/strong><\/h1>\n\n\n<p class=\"wp-block-paragraph\">O Neck Diagrams \u00e9 inicialmente executado no modo de teste e \u00e9 totalmente funcional com as seguintes limita\u00e7\u00f5es:<\/p>\n\n\n\n<ul class=\"wp-block-list\">\n<li>Pode ser executado at\u00e9 20 vezes<\/li>\n\n\n\n<li>At\u00e9 12 trastes por p\u00e1gina<\/li>\n\n\n\n<li>Imprimir e exportar marcas de \u00e1gua ap\u00f3s 10 impress\u00f5es\/exporta\u00e7\u00f5es<\/li>\n\n\n\n<li>O gerador de balan\u00e7a pode ser utilizado at\u00e9 10 vezes<\/li>\n<\/ul>\n\n\n\n<p class=\"wp-block-paragraph\"><\/p>\n\n\n\n<p class=\"wp-block-paragraph\">As limita\u00e7\u00f5es podem ser removidas <strong>\n  <a href=\"https:\/\/www.neckdiagrams.com\/pt-pt\/comprar-agora\/\" data-type=\"page\" data-id=\"15\">\n    <span style=\"text-decoration: underline;\">comprando um c\u00f3digo de licen\u00e7a<\/span>\n  <\/a>\n<\/strong>!<\/p>\n\n\n\n<p class=\"wp-block-paragraph\"><strong>J\u00e1 tem um c\u00f3digo de licen\u00e7a?<\/strong>  Basta transferir e instalar o Neck Diagrams e, em seguida, introduzir o seu c\u00f3digo quando solicitado.  <\/p>\n<\/div>\n\n\n\n<div class=\"wp-block-column is-vertically-aligned-center is-layout-flow wp-block-column-is-layout-flow\">\n<figure class=\"wp-block-image size-large\"><img decoding=\"async\" width=\"740\" height=\"800\" src=\"https:\/\/www.neckdiagrams.com\/content\/uploads\/2021\/05\/box-740x800.png\" alt=\"\" class=\"wp-image-32\" srcset=\"https:\/\/www.neckdiagrams.com\/content\/uploads\/2021\/05\/box-740x800.png 740w, https:\/\/www.neckdiagrams.com\/content\/uploads\/2021\/05\/box-370x400.png 370w, https:\/\/www.neckdiagrams.com\/content\/uploads\/2021\/05\/box-768x831.png 768w, https:\/\/www.neckdiagrams.com\/content\/uploads\/2021\/05\/box.png 1191w\" sizes=\"(max-width: 740px) 100vw, 740px\" \/><\/figure>\n<\/div>\n<\/div>\n<\/div><\/div>\n\n\n\n<div class=\"wp-block-group\"><div class=\"wp-block-group__inner-container is-layout-flow wp-block-group-is-layout-flow\">\n<div class=\"wp-block-columns is-style-three-columns is-layout-flex wp-container-core-columns-is-layout-9d6595d7 wp-block-columns-is-layout-flex\">\n<div class=\"wp-block-column is-layout-flow wp-block-column-is-layout-flow\"><div class=\"wp-block-image\">\n<figure class=\"aligncenter size-thumbnail is-resized\"><img decoding=\"async\" src=\"https:\/\/www.neckdiagrams.com\/content\/uploads\/2021\/06\/Asset-2cg-icon.svg\" alt=\"\" class=\"wp-image-221\" style=\"width:62px;height:75px\"\/><\/figure>\n<\/div>\n\n\n<div class=\"wp-block-buttons is-horizontal is-content-justification-center is-layout-flex wp-container-core-buttons-is-layout-499968f5 wp-block-buttons-is-layout-flex\">\n<div class=\"wp-block-button\"><a class=\"wp-block-button__link has-white-color has-black-background-color has-text-color has-background wp-element-button\" href=\"https:\/\/www.neckdiagrams.com\/download-files\/NeckDiagrams-2.4.2-Setup-32bit.exe\"><strong>Neck Diagrams v.2.4.2<\/strong><br\/>para Windows (32-bit)<\/a><\/div>\n<\/div>\n\n\n\n<p class=\"wp-block-paragraph has-text-align-center has-small-font-size\"><strong><strong>Necess\u00e1rio Windows 7 ou superior<\/strong><\/strong><\/p>\n\n\n\n<p class=\"wp-block-paragraph has-text-align-center has-small-font-size\">soma de verifica\u00e7\u00e3o MD5: <br\/>4b522649bdbe785e6eddd16c61083298<\/p>\n<\/div>\n\n\n\n<div class=\"wp-block-column is-layout-flow wp-block-column-is-layout-flow\"><div class=\"wp-block-image\">\n<figure class=\"aligncenter size-thumbnail is-resized\"><img decoding=\"async\" src=\"https:\/\/www.neckdiagrams.com\/content\/uploads\/2021\/06\/Asset-1cg-icon.svg\" alt=\"\" class=\"wp-image-222\" style=\"width:64px;height:75px\"\/><\/figure>\n<\/div>\n\n\n<div class=\"wp-block-buttons is-horizontal is-content-justification-center is-layout-flex wp-container-core-buttons-is-layout-499968f5 wp-block-buttons-is-layout-flex\">\n<div class=\"wp-block-button\"><a class=\"wp-block-button__link has-white-color has-black-background-color has-text-color has-background wp-element-button\" href=\"https:\/\/www.neckdiagrams.com\/download-files\/NeckDiagrams-2.4.2-Setup-64bit.exe\"><strong>Neck Diagrams v2.4.2<\/strong><br\/>para Windows (64-bit)<\/a><\/div>\n<\/div>\n\n\n\n<p class=\"wp-block-paragraph has-text-align-center has-small-font-size\"><strong><strong><strong>Necess\u00e1rio Windows 7 ou superior<\/strong><\/strong><\/strong><\/p>\n\n\n\n<p class=\"wp-block-paragraph has-text-align-center has-small-font-size\">soma de verifica\u00e7\u00e3o MD5: <br\/>92ac6f6f117b8f4741eb841cf341224f<\/p>\n<\/div>\n\n\n\n<div class=\"wp-block-column is-layout-flow wp-block-column-is-layout-flow\"><div class=\"wp-block-image\">\n<figure class=\"aligncenter size-thumbnail is-resized\"><img decoding=\"async\" src=\"https:\/\/www.neckdiagrams.com\/content\/uploads\/2021\/06\/path4cg-icon-1.svg\" alt=\"\" class=\"wp-image-220\" style=\"width:63px;height:75px\"\/><\/figure>\n<\/div>\n\n\n<div class=\"wp-block-buttons is-horizontal is-content-justification-center is-layout-flex wp-container-core-buttons-is-layout-499968f5 wp-block-buttons-is-layout-flex\">\n<div class=\"wp-block-button\"><a class=\"wp-block-button__link has-white-color has-black-background-color has-text-color has-background wp-element-button\" href=\"https:\/\/www.neckdiagrams.com\/download-files\/NeckDiagrams-2.4.2.dmg\"><strong>Neck Diagrams v2.4.2<\/strong><br\/>para Mac<\/a><\/div>\n<\/div>\n\n\n\n<p class=\"wp-block-paragraph has-text-align-center has-small-font-size\"><strong>MacOS 10.10 ou superior necess\u00e1rio<\/strong><\/p>\n\n\n\n<p class=\"wp-block-paragraph has-text-align-center has-small-font-size\">soma de verifica\u00e7\u00e3o MD5: <br\/>374126e72d916d958a4eaf75bc4f6b38<\/p>\n<\/div>\n<\/div>\n\n\n\n<div style=\"height:30px\" aria-hidden=\"true\" class=\"wp-block-spacer\"><\/div>\n\n\n\n<p class=\"wp-block-paragraph has-text-align-center\">S\u00e3o suportadas as seguintes l\u00ednguas:<\/p>\n\n\n\n<div class=\"wp-block-columns is-layout-flex wp-container-core-columns-is-layout-9d6595d7 wp-block-columns-is-layout-flex\">\n<div class=\"wp-block-column is-layout-flow wp-block-column-is-layout-flow\">\n<ul class=\"wp-block-list listblockcentre\">\n<li>Ingl\u00eas  <\/li>\n\n\n\n<li>Franc\u00eas<\/li>\n\n\n\n<li>Alem\u00e3o<\/li>\n<\/ul>\n<\/div>\n\n\n\n<div class=\"wp-block-column is-layout-flow wp-block-column-is-layout-flow\">\n<ul class=\"wp-block-list listblockcentre\">\n<li>Espanhol<\/li>\n\n\n\n<li>Italiano<\/li>\n<\/ul>\n<\/div>\n\n\n\n<div class=\"wp-block-column is-layout-flow wp-block-column-is-layout-flow\">\n<ul class=\"wp-block-list\">\n<li>Japon\u00eas<\/li>\n\n\n\n<li>Portugu\u00eas (Brasileiro)<\/li>\n<\/ul>\n<\/div>\n<\/div>\n\n\n\n<div style=\"height:20px\" aria-hidden=\"true\" class=\"wp-block-spacer\"><\/div>\n\n\n\n<p class=\"wp-block-paragraph has-text-align-center has-off-white-color has-text-color\">Procura o antigo ND v1? Dispon\u00edvel para os actuais clientes do ND1 a pedido, por favor <strong>\n  <span style=\"text-decoration: underline;\">\n    <a href=\"https:\/\/support.neckdiagrams.com\/hc\/en-gb\/requests\/new\">contacte-nos<\/a>\n  <\/span>\n<\/strong>. <\/p>\n<\/div><\/div>\n<\/div><\/div>\n","protected":false},"excerpt":{"rendered":"","protected":false},"author":2,"featured_media":0,"parent":0,"menu_order":0,"comment_status":"closed","ping_status":"closed","template":"page-template-full-bleed.php","meta":{"_acf_changed":false,"inline_featured_image":false,"footnotes":""},"class_list":["post-8705","page","type-page","status-publish","hentry"],"acf":[],"yoast_head":"<!-- This site is optimized with the Yoast SEO plugin v26.1.1 - https:\/\/yoast.com\/wordpress\/plugins\/seo\/ -->\n<title>Descarregar - Neck Diagrams<\/title>\n<meta name=\"robots\" content=\"index, follow, max-snippet:-1, max-image-preview:large, max-video-preview:-1\" \/>\n<link rel=\"canonical\" href=\"https:\/\/www.neckdiagrams.com\/pt-pt\/descarregar\/\" \/>\n<meta property=\"og:locale\" content=\"pt_PT\" \/>\n<meta property=\"og:type\" content=\"article\" \/>\n<meta property=\"og:title\" content=\"Descarregar - Neck Diagrams\" \/>\n<meta property=\"og:url\" content=\"https:\/\/www.neckdiagrams.com\/pt-pt\/descarregar\/\" \/>\n<meta property=\"og:site_name\" content=\"Neck Diagrams\" \/>\n<meta property=\"article:publisher\" content=\"https:\/\/www.facebook.com\/NeckDiagrams\" \/>\n<meta property=\"article:modified_time\" content=\"2025-10-10T19:23:08+00:00\" \/>\n<meta property=\"og:image\" content=\"https:\/\/www.neckdiagrams.com\/content\/uploads\/2021\/05\/bg-red-scaled.jpg\" \/>\n<meta name=\"twitter:card\" content=\"summary_large_image\" \/>\n<meta name=\"twitter:label1\" content=\"Est. reading time\" \/>\n\t<meta name=\"twitter:data1\" content=\"1 minute\" \/>\n<script type=\"application\/ld+json\" class=\"yoast-schema-graph\">{\"@context\":\"https:\/\/schema.org\",\"@graph\":[{\"@type\":\"WebPage\",\"@id\":\"https:\/\/www.neckdiagrams.com\/pt-pt\/descarregar\/\",\"url\":\"https:\/\/www.neckdiagrams.com\/pt-pt\/descarregar\/\",\"name\":\"Descarregar - Neck Diagrams\",\"isPartOf\":{\"@id\":\"https:\/\/www.neckdiagrams.com\/pt-pt\/#website\"},\"primaryImageOfPage\":{\"@id\":\"https:\/\/www.neckdiagrams.com\/pt-pt\/descarregar\/#primaryimage\"},\"image\":{\"@id\":\"https:\/\/www.neckdiagrams.com\/pt-pt\/descarregar\/#primaryimage\"},\"thumbnailUrl\":\"https:\/\/www.neckdiagrams.com\/content\/uploads\/2021\/05\/bg-red-scaled.jpg\",\"datePublished\":\"2025-04-28T18:41:29+00:00\",\"dateModified\":\"2025-10-10T19:23:08+00:00\",\"breadcrumb\":{\"@id\":\"https:\/\/www.neckdiagrams.com\/pt-pt\/descarregar\/#breadcrumb\"},\"inLanguage\":\"pt-PT\",\"potentialAction\":[{\"@type\":\"ReadAction\",\"target\":[\"https:\/\/www.neckdiagrams.com\/pt-pt\/descarregar\/\"]}]},{\"@type\":\"ImageObject\",\"inLanguage\":\"pt-PT\",\"@id\":\"https:\/\/www.neckdiagrams.com\/pt-pt\/descarregar\/#primaryimage\",\"url\":\"https:\/\/www.neckdiagrams.com\/content\/uploads\/2021\/05\/bg-red-scaled.jpg\",\"contentUrl\":\"https:\/\/www.neckdiagrams.com\/content\/uploads\/2021\/05\/bg-red-scaled.jpg\"},{\"@type\":\"BreadcrumbList\",\"@id\":\"https:\/\/www.neckdiagrams.com\/pt-pt\/descarregar\/#breadcrumb\",\"itemListElement\":[{\"@type\":\"ListItem\",\"position\":1,\"name\":\"Home\",\"item\":\"https:\/\/www.neckdiagrams.com\/pt-pt\/\"},{\"@type\":\"ListItem\",\"position\":2,\"name\":\"Descarregar\"}]},{\"@type\":\"WebSite\",\"@id\":\"https:\/\/www.neckdiagrams.com\/pt-pt\/#website\",\"url\":\"https:\/\/www.neckdiagrams.com\/pt-pt\/\",\"name\":\"Neck Diagrams\",\"description\":\"Chord chart and fretboard diagram software for guitar, bass, banjo, ukulele and ANY fretted instrument\",\"publisher\":{\"@id\":\"https:\/\/www.neckdiagrams.com\/pt-pt\/#organization\"},\"potentialAction\":[{\"@type\":\"SearchAction\",\"target\":{\"@type\":\"EntryPoint\",\"urlTemplate\":\"https:\/\/www.neckdiagrams.com\/pt-pt\/?s={search_term_string}\"},\"query-input\":{\"@type\":\"PropertyValueSpecification\",\"valueRequired\":true,\"valueName\":\"search_term_string\"}}],\"inLanguage\":\"pt-PT\"},{\"@type\":\"Organization\",\"@id\":\"https:\/\/www.neckdiagrams.com\/pt-pt\/#organization\",\"name\":\"Digital Software Technology Ltd\",\"url\":\"https:\/\/www.neckdiagrams.com\/pt-pt\/\",\"logo\":{\"@type\":\"ImageObject\",\"inLanguage\":\"pt-PT\",\"@id\":\"https:\/\/www.neckdiagrams.com\/pt-pt\/#\/schema\/logo\/image\/\",\"url\":\"https:\/\/neckdiagrams.com\/content\/uploads\/2024\/05\/ND2-Logo-474x474@2x.png\",\"contentUrl\":\"https:\/\/neckdiagrams.com\/content\/uploads\/2024\/05\/ND2-Logo-474x474@2x.png\",\"width\":474,\"height\":474,\"caption\":\"Digital Software Technology Ltd\"},\"image\":{\"@id\":\"https:\/\/www.neckdiagrams.com\/pt-pt\/#\/schema\/logo\/image\/\"},\"sameAs\":[\"https:\/\/www.facebook.com\/NeckDiagrams\",\"https:\/\/www.instagram.com\/neckdiagrams\/\"]}]}<\/script>\n<!-- \/ Yoast SEO plugin. -->","yoast_head_json":{"title":"Descarregar - Neck Diagrams","robots":{"index":"index","follow":"follow","max-snippet":"max-snippet:-1","max-image-preview":"max-image-preview:large","max-video-preview":"max-video-preview:-1"},"canonical":"https:\/\/www.neckdiagrams.com\/pt-pt\/descarregar\/","og_locale":"pt_PT","og_type":"article","og_title":"Descarregar - Neck Diagrams","og_url":"https:\/\/www.neckdiagrams.com\/pt-pt\/descarregar\/","og_site_name":"Neck Diagrams","article_publisher":"https:\/\/www.facebook.com\/NeckDiagrams","article_modified_time":"2025-10-10T19:23:08+00:00","og_image":[{"url":"https:\/\/www.neckdiagrams.com\/content\/uploads\/2021\/05\/bg-red-scaled.jpg","type":"","width":"","height":""}],"twitter_card":"summary_large_image","twitter_misc":{"Est. reading time":"1 minute"},"schema":{"@context":"https:\/\/schema.org","@graph":[{"@type":"WebPage","@id":"https:\/\/www.neckdiagrams.com\/pt-pt\/descarregar\/","url":"https:\/\/www.neckdiagrams.com\/pt-pt\/descarregar\/","name":"Descarregar - Neck Diagrams","isPartOf":{"@id":"https:\/\/www.neckdiagrams.com\/pt-pt\/#website"},"primaryImageOfPage":{"@id":"https:\/\/www.neckdiagrams.com\/pt-pt\/descarregar\/#primaryimage"},"image":{"@id":"https:\/\/www.neckdiagrams.com\/pt-pt\/descarregar\/#primaryimage"},"thumbnailUrl":"https:\/\/www.neckdiagrams.com\/content\/uploads\/2021\/05\/bg-red-scaled.jpg","datePublished":"2025-04-28T18:41:29+00:00","dateModified":"2025-10-10T19:23:08+00:00","breadcrumb":{"@id":"https:\/\/www.neckdiagrams.com\/pt-pt\/descarregar\/#breadcrumb"},"inLanguage":"pt-PT","potentialAction":[{"@type":"ReadAction","target":["https:\/\/www.neckdiagrams.com\/pt-pt\/descarregar\/"]}]},{"@type":"ImageObject","inLanguage":"pt-PT","@id":"https:\/\/www.neckdiagrams.com\/pt-pt\/descarregar\/#primaryimage","url":"https:\/\/www.neckdiagrams.com\/content\/uploads\/2021\/05\/bg-red-scaled.jpg","contentUrl":"https:\/\/www.neckdiagrams.com\/content\/uploads\/2021\/05\/bg-red-scaled.jpg"},{"@type":"BreadcrumbList","@id":"https:\/\/www.neckdiagrams.com\/pt-pt\/descarregar\/#breadcrumb","itemListElement":[{"@type":"ListItem","position":1,"name":"Home","item":"https:\/\/www.neckdiagrams.com\/pt-pt\/"},{"@type":"ListItem","position":2,"name":"Descarregar"}]},{"@type":"WebSite","@id":"https:\/\/www.neckdiagrams.com\/pt-pt\/#website","url":"https:\/\/www.neckdiagrams.com\/pt-pt\/","name":"Neck Diagrams","description":"Chord chart and fretboard diagram software for guitar, bass, banjo, ukulele and ANY fretted instrument","publisher":{"@id":"https:\/\/www.neckdiagrams.com\/pt-pt\/#organization"},"potentialAction":[{"@type":"SearchAction","target":{"@type":"EntryPoint","urlTemplate":"https:\/\/www.neckdiagrams.com\/pt-pt\/?s={search_term_string}"},"query-input":{"@type":"PropertyValueSpecification","valueRequired":true,"valueName":"search_term_string"}}],"inLanguage":"pt-PT"},{"@type":"Organization","@id":"https:\/\/www.neckdiagrams.com\/pt-pt\/#organization","name":"Digital Software Technology Ltd","url":"https:\/\/www.neckdiagrams.com\/pt-pt\/","logo":{"@type":"ImageObject","inLanguage":"pt-PT","@id":"https:\/\/www.neckdiagrams.com\/pt-pt\/#\/schema\/logo\/image\/","url":"https:\/\/neckdiagrams.com\/content\/uploads\/2024\/05\/ND2-Logo-474x474@2x.png","contentUrl":"https:\/\/neckdiagrams.com\/content\/uploads\/2024\/05\/ND2-Logo-474x474@2x.png","width":474,"height":474,"caption":"Digital Software Technology Ltd"},"image":{"@id":"https:\/\/www.neckdiagrams.com\/pt-pt\/#\/schema\/logo\/image\/"},"sameAs":["https:\/\/www.facebook.com\/NeckDiagrams","https:\/\/www.instagram.com\/neckdiagrams\/"]}]}},"_links":{"self":[{"href":"https:\/\/www.neckdiagrams.com\/pt-pt\/wp-json\/wp\/v2\/pages\/8705","targetHints":{"allow":["GET"]}}],"collection":[{"href":"https:\/\/www.neckdiagrams.com\/pt-pt\/wp-json\/wp\/v2\/pages"}],"about":[{"href":"https:\/\/www.neckdiagrams.com\/pt-pt\/wp-json\/wp\/v2\/types\/page"}],"author":[{"embeddable":true,"href":"https:\/\/www.neckdiagrams.com\/pt-pt\/wp-json\/wp\/v2\/users\/2"}],"replies":[{"embeddable":true,"href":"https:\/\/www.neckdiagrams.com\/pt-pt\/wp-json\/wp\/v2\/comments?post=8705"}],"version-history":[{"count":5,"href":"https:\/\/www.neckdiagrams.com\/pt-pt\/wp-json\/wp\/v2\/pages\/8705\/revisions"}],"predecessor-version":[{"id":9250,"href":"https:\/\/www.neckdiagrams.com\/pt-pt\/wp-json\/wp\/v2\/pages\/8705\/revisions\/9250"}],"wp:attachment":[{"href":"https:\/\/www.neckdiagrams.com\/pt-pt\/wp-json\/wp\/v2\/media?parent=8705"}],"curies":[{"name":"wp","href":"https:\/\/api.w.org\/{rel}","templated":true}]}}